{"id":99,"date":"2022-11-18T11:09:32","date_gmt":"2022-11-18T18:09:32","guid":{"rendered":"https:\/\/parents.utahahec.org\/es\/direct-of-utah-health-professions-training-programs\/"},"modified":"2025-03-17T15:32:51","modified_gmt":"2025-03-17T21:32:51","slug":"directorio-de-programas-de-capacitacion-de-profesiones-de-la-salud-de-utah","status":"publish","type":"page","link":"https:\/\/parents.utahahec.org\/es\/directorio-de-programas-de-capacitacion-de-profesiones-de-la-salud-de-utah\/","title":{"rendered":"DIRECTORIO DE PROGRAMAS DE CAPACITACI\u00d3N DE PROFESIONES DE LA SALUD DE UTAH"},"content":{"rendered":"\n<h1>\n\t\tDIRECTORIO DE PROGRAMAS DE CAPACITACI\u00d3N DE PROFESIONES DE LA SALUD DE UTAH\n\t<\/h1>\n\t<p>El Directorio de Capacitaci\u00f3n de Profesiones de la Salud de Utah es una gu\u00eda pr\u00e1ctica que brinda recursos para ayudar a los estudiantes y padres a explorar carreras de atenci\u00f3n m\u00e9dica en Utah.<\/p>\n<p>El directorio contiene lo siguiente:<\/p>\n<ul>\n<li>Programas de Salud por Escuela<\/li>\n<li>Programas de salud por Escuela Programas por Profesi\u00f3n<\/li>\n<li>Salario de la carrera de salud y perspectivas laborales<\/li>\n<li>Directorio de Asesores Preprofesionales y Contactos<\/li>\n<li>Sitios web profesionales de carreras de salud<\/li>\n<li>Recursos en l\u00ednea para explorar carreras en el cuidado de la salud<\/li>\n<li>Informaci\u00f3n sobre ayuda financiera y becas<\/li>\n<\/ul>\nEncuentre nuestro directorio aqu\u00ed:<br \/>\n<a href=\"https:\/\/drive.google.com\/file\/d\/1y7zrYx8Wll_mTuYwsTScFvYYH6H4KNmj\/view\" target=\"_blank\" rel=\"noopener\">Directorio de programas de capacitaci\u00f3n de profesiones de la salud de Utah<\/a>\n\t\t\t\t<a href=\"https:\/\/parents.utahahec.org\/es\/wp-content\/uploads\/2022\/12\/ahec-directory.pdf\" target=\"_blank\" rel=\"noopener\" itemprop=\"url\">\n\t\t\t\t<img decoding=\"async\" loading=\"lazy\" src=\"https:\/\/parents.utahahec.org\/es\/wp-content\/uploads\/2025\/03\/Screenshot-2025-03-17-152813.png\" alt=\"Screenshot 2025-03-17 152813\" itemprop=\"image\" height=\"832\" width=\"643\" title=\"Screenshot 2025-03-17 152813\" onerror=\"this.style.display='none'\"  \/>\n\t\t\t\t<\/a>\n\n","protected":false},"excerpt":{"rendered":"<p>DIRECTORIO DE PROGRAMAS DE CAPACITACI\u00d3N DE PROFESIONES DE LA SALUD DE UTAH El Directorio de Capacitaci\u00f3n de Profesiones de la Salud de Utah es una gu\u00eda pr\u00e1ctica que brinda recursos para ayudar a los estudiantes y padres a explorar carreras de atenci\u00f3n m\u00e9dica en Utah. El directorio contiene lo siguiente: Programas de Salud por Escuela&hellip;<\/p>\n","protected":false},"author":1,"featured_media":0,"parent":0,"menu_order":5,"comment_status":"closed","ping_status":"closed","template":"","meta":{"footnotes":""},"_links":{"self":[{"href":"https:\/\/parents.utahahec.org\/es\/wp-json\/wp\/v2\/pages\/99"}],"collection":[{"href":"https:\/\/parents.utahahec.org\/es\/wp-json\/wp\/v2\/pages"}],"about":[{"href":"https:\/\/parents.utahahec.org\/es\/wp-json\/wp\/v2\/types\/page"}],"author":[{"embeddable":true,"href":"https:\/\/parents.utahahec.org\/es\/wp-json\/wp\/v2\/users\/1"}],"replies":[{"embeddable":true,"href":"https:\/\/parents.utahahec.org\/es\/wp-json\/wp\/v2\/comments?post=99"}],"version-history":[{"count":8,"href":"https:\/\/parents.utahahec.org\/es\/wp-json\/wp\/v2\/pages\/99\/revisions"}],"predecessor-version":[{"id":358,"href":"https:\/\/parents.utahahec.org\/es\/wp-json\/wp\/v2\/pages\/99\/revisions\/358"}],"wp:attachment":[{"href":"https:\/\/parents.utahahec.org\/es\/wp-json\/wp\/v2\/media?parent=99"}],"curies":[{"name":"wp","href":"https:\/\/api.w.org\/{rel}","templated":true}]}}