{"id":98,"date":"2022-11-18T11:09:32","date_gmt":"2022-11-18T18:09:32","guid":{"rendered":"https:\/\/parents.utahahec.org\/es\/resources\/"},"modified":"2025-04-30T11:46:36","modified_gmt":"2025-04-30T17:46:36","slug":"recursos","status":"publish","type":"page","link":"https:\/\/parents.utahahec.org\/es\/recursos\/","title":{"rendered":"RECURSOS"},"content":{"rendered":"\n<h1>\n\t\tRECURSOS\n\t<\/h1>\n\t<p>Recursos adicionales para prepararse para la universidad:<\/p>\n<p><a href=\"https:\/\/www.youtube.com\/watch?v=UwuO1AvSMQk\">abril de 2024 &#8211; C\u00f3mo presentar el formulario FAFSA\u00ae 2024-25 (youtube.com)<\/a><\/p>\n<p><strong>Elegir la universidad adecuada<\/strong><\/p>\n<ul>\n<li><a href=\"https:\/\/ushe.edu\/wp-content\/uploads\/pdf\/k-12\/college_guide-english.pdf%20\" target=\"_blank\" rel=\"noopener\">Gu\u00eda universitaria en ingl\u00e9s<\/a>\u00a0(incluye listas de verificaci\u00f3n de grados 8-12)<\/li>\n<li><a href=\"https:\/\/ushe.edu\/wp-content\/uploads\/pdf\/k-12\/college_guide-spanish.pdf\" target=\"_blank\" rel=\"noopener\">Gu\u00eda universitaria en espa\u00f1ola<\/a>\u00a0(incluye listas de verificaci\u00f3n de grados 8-12)<\/li>\n<li><a href=\"https:\/\/www.youtube.com\/watch?v=Sri9m3DluMU\" target=\"_blank\" rel=\"noopener\">V\u00eddeo de presentaci\u00f3n sobre el pago de la universidad<\/a><\/li>\n<li><a href=\"https:\/\/uofuhealth.utah.edu\/inclusion\/programs\/saturday-academy\">Saturday Academy<\/a><\/li>\n<li><a href=\"https:\/\/proximacareers.org\/about\/\">PROXIMA Careers<\/a>\n<ul>\n<li><a href=\"https:\/\/uofutah-my.sharepoint.com\/:b:\/g\/personal\/u6000738_umail_utah_edu\/EeGouWRaapVCiKCAEdgGEvkBbS5OKNHa6d7gm3_FBSu3Ag?e=lgLFm2\">Proxima Poster 2.7 Spanish.pdf<\/a><\/li>\n<li><a href=\"https:\/\/uofutah-my.sharepoint.com\/:b:\/g\/personal\/u6000738_umail_utah_edu\/ESqy5iGoMyREsgXvfmRRRXIBNYeu80k2aKtsoi33_HvbaA?e=LRK9bR\">CNA Flyer.pdf<\/a><\/li>\n<\/ul>\n<\/li>\n<li><a href=\"https:\/\/uofuhealth.utah.edu\/huntsman\/education-training\/pathmaker\/scholars\">Huntsman Cancer Institute Pathmaker Scholars Program<\/a><\/li>\n<li><a href=\"https:\/\/www.suu.edu\/news\/2024\/01\/behavioral-health-certification-program.html\">SUU Behavioral Health Foundations Certificate<\/a><\/li>\n<li><a href=\"https:\/\/www.slcc.edu\/crossroadscenter\/pre-health-summer-program.aspx\">Pre-Health Summer Program<\/a><\/li>\n<\/ul>\n\n","protected":false},"excerpt":{"rendered":"<p>RECURSOS Recursos adicionales para prepararse para la universidad: abril de 2024 &#8211; C\u00f3mo presentar el formulario FAFSA\u00ae 2024-25 (youtube.com) Elegir la universidad adecuada Gu\u00eda universitaria en ingl\u00e9s\u00a0(incluye listas de verificaci\u00f3n de grados 8-12) Gu\u00eda universitaria en espa\u00f1ola\u00a0(incluye listas de verificaci\u00f3n de grados 8-12) V\u00eddeo de presentaci\u00f3n sobre el pago de la universidad Saturday Academy PROXIMA&hellip;<\/p>\n","protected":false},"author":1,"featured_media":0,"parent":0,"menu_order":4,"comment_status":"closed","ping_status":"closed","template":"","meta":{"footnotes":""},"_links":{"self":[{"href":"https:\/\/parents.utahahec.org\/es\/wp-json\/wp\/v2\/pages\/98"}],"collection":[{"href":"https:\/\/parents.utahahec.org\/es\/wp-json\/wp\/v2\/pages"}],"about":[{"href":"https:\/\/parents.utahahec.org\/es\/wp-json\/wp\/v2\/types\/page"}],"author":[{"embeddable":true,"href":"https:\/\/parents.utahahec.org\/es\/wp-json\/wp\/v2\/users\/1"}],"replies":[{"embeddable":true,"href":"https:\/\/parents.utahahec.org\/es\/wp-json\/wp\/v2\/comments?post=98"}],"version-history":[{"count":26,"href":"https:\/\/parents.utahahec.org\/es\/wp-json\/wp\/v2\/pages\/98\/revisions"}],"predecessor-version":[{"id":375,"href":"https:\/\/parents.utahahec.org\/es\/wp-json\/wp\/v2\/pages\/98\/revisions\/375"}],"wp:attachment":[{"href":"https:\/\/parents.utahahec.org\/es\/wp-json\/wp\/v2\/media?parent=98"}],"curies":[{"name":"wp","href":"https:\/\/api.w.org\/{rel}","templated":true}]}}