{"id":97,"date":"2022-11-18T11:09:32","date_gmt":"2022-11-18T18:09:32","guid":{"rendered":"https:\/\/parents.utahahec.org\/es\/scholarships\/"},"modified":"2025-04-30T11:45:56","modified_gmt":"2025-04-30T17:45:56","slug":"becas","status":"publish","type":"page","link":"https:\/\/parents.utahahec.org\/es\/becas\/","title":{"rendered":"BECAS"},"content":{"rendered":"\n<h1>\n\t\tBECAS\n\t<\/h1>\n\t<p>\u00a1Solicitar becas, comprender los requisitos de las becas y comenzar las solicitudes de becas puede ser confuso!<\/p>\n<p>Aqu\u00ed puedes encontrar algunos recursos que te pueden ayudar en el proceso:<\/p>\n<ul>\n<li><a href=\"https:\/\/www.youtube.com\/watch?v=LDDl-0RJCG8\" target=\"_blank\" rel=\"noopener\">4 pasos para solicitar becas<\/a><\/li>\n<li><a href=\"https:\/\/www.youtube.com\/watch?v=U_4wiiDJPBQ\" target=\"_blank\" rel=\"noopener\">4 consejos para ganar becas<\/a><\/li>\n<li><a href=\"https:\/\/study.com\/resources\/becas-universitarias-para-estudiantes-hispanos-y-latinos#0557\" target=\"_blank\" rel=\"noopener\">Becas Univeristarias para Estudiantes Hispanos y Latinos<\/a><\/li>\n<li><a href=\"https:\/\/www.onlineschools.org\/financial-aid\/minority\/\">Ayuda financiera para estudiantes de minor\u00edas<\/a><\/li>\n<li><a href=\"https:\/\/studentaid.gov\/manage-loans\/forgiveness-cancellation\/public-service\">Condonaci\u00f3n de pr\u00e9stamos por servicio p\u00fablico (PSLF)<\/a><\/li>\n<li><a href=\"https:\/\/www.youtube.com\/watch?v=AeD8Zslag4o\" target=\"_blank\" rel=\"noopener\">Consejos para buscar y solicitar becas<\/a><\/li>\n<li><a href=\"https:\/\/www.ktsutah.org\/\">Keys To Success KTSUtah.org<\/a><\/li>\n<li><a href=\"https:\/\/www.unigo.com\/\">UNIGO Scholarships<\/a><\/li>\n<li><a href=\"https:\/\/bigfuture.collegeboard.org\/\">BigFuture.CollegeBoard.org<\/a><\/li>\n<\/ul>\n\n","protected":false},"excerpt":{"rendered":"<p>BECAS \u00a1Solicitar becas, comprender los requisitos de las becas y comenzar las solicitudes de becas puede ser confuso! Aqu\u00ed puedes encontrar algunos recursos que te pueden ayudar en el proceso: 4 pasos para solicitar becas 4 consejos para ganar becas Becas Univeristarias para Estudiantes Hispanos y Latinos Ayuda financiera para estudiantes de minor\u00edas Condonaci\u00f3n de&hellip;<\/p>\n","protected":false},"author":1,"featured_media":0,"parent":0,"menu_order":3,"comment_status":"closed","ping_status":"closed","template":"","meta":{"footnotes":""},"_links":{"self":[{"href":"https:\/\/parents.utahahec.org\/es\/wp-json\/wp\/v2\/pages\/97"}],"collection":[{"href":"https:\/\/parents.utahahec.org\/es\/wp-json\/wp\/v2\/pages"}],"about":[{"href":"https:\/\/parents.utahahec.org\/es\/wp-json\/wp\/v2\/types\/page"}],"author":[{"embeddable":true,"href":"https:\/\/parents.utahahec.org\/es\/wp-json\/wp\/v2\/users\/1"}],"replies":[{"embeddable":true,"href":"https:\/\/parents.utahahec.org\/es\/wp-json\/wp\/v2\/comments?post=97"}],"version-history":[{"count":18,"href":"https:\/\/parents.utahahec.org\/es\/wp-json\/wp\/v2\/pages\/97\/revisions"}],"predecessor-version":[{"id":373,"href":"https:\/\/parents.utahahec.org\/es\/wp-json\/wp\/v2\/pages\/97\/revisions\/373"}],"wp:attachment":[{"href":"https:\/\/parents.utahahec.org\/es\/wp-json\/wp\/v2\/media?parent=97"}],"curies":[{"name":"wp","href":"https:\/\/api.w.org\/{rel}","templated":true}]}}