{"id":96,"date":"2022-11-18T11:09:32","date_gmt":"2022-11-18T18:09:32","guid":{"rendered":"https:\/\/parents.utahahec.org\/es\/fafsa-applications\/"},"modified":"2025-11-16T17:18:21","modified_gmt":"2025-11-17T00:18:21","slug":"solicitudes-fafsa","status":"publish","type":"page","link":"https:\/\/parents.utahahec.org\/es\/solicitudes-fafsa\/","title":{"rendered":"SOLICITUDES FAFSA"},"content":{"rendered":"\n<h1>\n\t\tSOLICITUDES FAFSA\n\t<\/h1>\n\t<p>El formulario FAFSA permite a los estudiantes solicitar subvenciones federales, estudio y trabajo y pr\u00e9stamos para cubrir su educaci\u00f3n.&nbsp;A veces, completar el formulario puede parecer no muy f\u00e1cil, pero aqu\u00ed puede ver algunos recursos para ayudarlo con las mejores pr\u00e1cticas:<\/p>\n<ul>\n<li>2025\/2026 <a href=\"https:\/\/youtu.be\/NaRhY6zINPM?si=t44UhHeKXaQKq3lL\">FAFSA Tips<\/a> for Parents<\/li>\n<li>2026-2027 <a href=\"https:\/\/youtu.be\/xiVgOxOKVr0?si=PB7USsddDmgYzHnE\">FAFSA\u00ae Walkthrough<\/a><\/li>\n<li><a href=\"https:\/\/www.youtube.com\/watch?v=HlhpfzcHohs\" target=\"_blank\" rel=\"noopener\">What is FAFSA?<\/a> Video for students<\/li>\n<li>FAFSA Form <a href=\"https:\/\/studentaid.gov\/h\/apply-for-aid\/fafsa\">2025-26<\/a><\/li>\n<li>Are you a student? A parent? An adult thinking about going back to school? Want to know<a href=\"https:\/\/studentaid.gov\/resources\/prepare-for-college\/checklists\"> how to prepare for college or career school<\/a>?<\/li>\n<li><a href=\"https:\/\/studentaid.gov\/understand-aid\/types\">Types of Financial Aid<\/a>: Grants, Work-Study, and Loans<\/li>\n<\/ul>\n","protected":false},"excerpt":{"rendered":"<p>SOLICITUDES FAFSA El formulario FAFSA permite a los estudiantes solicitar subvenciones federales, estudio y trabajo y pr\u00e9stamos para cubrir su educaci\u00f3n.&nbsp;A veces, completar el formulario puede parecer no muy f\u00e1cil, pero aqu\u00ed puede ver algunos recursos para ayudarlo con las mejores pr\u00e1cticas: 2025\/2026 FAFSA Tips for Parents 2026-2027 FAFSA\u00ae Walkthrough What is FAFSA? Video for&hellip;<\/p>\n","protected":false},"author":1,"featured_media":0,"parent":0,"menu_order":2,"comment_status":"closed","ping_status":"closed","template":"","meta":{"footnotes":""},"_links":{"self":[{"href":"https:\/\/parents.utahahec.org\/es\/wp-json\/wp\/v2\/pages\/96"}],"collection":[{"href":"https:\/\/parents.utahahec.org\/es\/wp-json\/wp\/v2\/pages"}],"about":[{"href":"https:\/\/parents.utahahec.org\/es\/wp-json\/wp\/v2\/types\/page"}],"author":[{"embeddable":true,"href":"https:\/\/parents.utahahec.org\/es\/wp-json\/wp\/v2\/users\/1"}],"replies":[{"embeddable":true,"href":"https:\/\/parents.utahahec.org\/es\/wp-json\/wp\/v2\/comments?post=96"}],"version-history":[{"count":24,"href":"https:\/\/parents.utahahec.org\/es\/wp-json\/wp\/v2\/pages\/96\/revisions"}],"predecessor-version":[{"id":383,"href":"https:\/\/parents.utahahec.org\/es\/wp-json\/wp\/v2\/pages\/96\/revisions\/383"}],"wp:attachment":[{"href":"https:\/\/parents.utahahec.org\/es\/wp-json\/wp\/v2\/media?parent=96"}],"curies":[{"name":"wp","href":"https:\/\/api.w.org\/{rel}","templated":true}]}}