{"id":95,"date":"2022-11-18T11:09:32","date_gmt":"2022-11-18T18:09:32","guid":{"rendered":"https:\/\/parents.utahahec.org\/es\/financial-aid\/"},"modified":"2024-09-24T15:46:58","modified_gmt":"2024-09-24T21:46:58","slug":"ayuda-financiera","status":"publish","type":"page","link":"https:\/\/parents.utahahec.org\/es\/ayuda-financiera\/","title":{"rendered":"AYUDA FINANCIERA"},"content":{"rendered":"\n<h1>\n\t\tAYUDA FINANCIERA\n\t<\/h1>\n\t<p>Ser capaz de encontrar y solicitar recursos de ayuda financiera para la educaci\u00f3n universitaria de su hijo puede convertirse en una barrera impactante.\u00a0A continuaci\u00f3n, encontrar\u00e1 diferentes recursos que le permitir\u00e1n a usted y a su hijo aprender m\u00e1s.<\/p>\n<ul>\n<li><a href=\"https:\/\/ushe.edu\/wp-content\/uploads\/pdf\/k-12\/ucaw\/2021\/2021_senior-year-college-timeline.pdf\" target=\"_blank\" rel=\"noopener\">Cronolog\u00eda del \u00faltimo a\u00f1o para la preparaci\u00f3n universitaria<\/a><\/li>\n<li><a href=\"https:\/\/ushe.edu\/wp-content\/uploads\/pdf\/k-12\/ucaw\/2021\/2021_UCAW-whats-next_8-30-21.pdf\" target=\"_blank\" rel=\"noopener\">He aplicado a la universidad.\u00a0\u00bfLo que sigue?<\/a><\/li>\n<li><a href=\"https:\/\/my529.org\/learn\/college-savings-estimator\/\" target=\"_blank\" rel=\"noopener\">Estimador de ahorros universitarios<\/a><\/li>\n<li><a href=\"https:\/\/ushe.edu\/wp-content\/uploads\/pdf\/k-12\/paying_for_college_guide-spanish.pdf\" target=\"_blank\" rel=\"noopener\">Guia Para Pagar La Universidad<\/a><\/li>\n<\/ul>\n\n","protected":false},"excerpt":{"rendered":"<p>AYUDA FINANCIERA Ser capaz de encontrar y solicitar recursos de ayuda financiera para la educaci\u00f3n universitaria de su hijo puede convertirse en una barrera impactante.\u00a0A continuaci\u00f3n, encontrar\u00e1 diferentes recursos que le permitir\u00e1n a usted y a su hijo aprender m\u00e1s. Cronolog\u00eda del \u00faltimo a\u00f1o para la preparaci\u00f3n universitaria He aplicado a la universidad.\u00a0\u00bfLo que sigue?&hellip;<\/p>\n","protected":false},"author":1,"featured_media":0,"parent":0,"menu_order":1,"comment_status":"closed","ping_status":"closed","template":"","meta":{"footnotes":""},"_links":{"self":[{"href":"https:\/\/parents.utahahec.org\/es\/wp-json\/wp\/v2\/pages\/95"}],"collection":[{"href":"https:\/\/parents.utahahec.org\/es\/wp-json\/wp\/v2\/pages"}],"about":[{"href":"https:\/\/parents.utahahec.org\/es\/wp-json\/wp\/v2\/types\/page"}],"author":[{"embeddable":true,"href":"https:\/\/parents.utahahec.org\/es\/wp-json\/wp\/v2\/users\/1"}],"replies":[{"embeddable":true,"href":"https:\/\/parents.utahahec.org\/es\/wp-json\/wp\/v2\/comments?post=95"}],"version-history":[{"count":15,"href":"https:\/\/parents.utahahec.org\/es\/wp-json\/wp\/v2\/pages\/95\/revisions"}],"predecessor-version":[{"id":348,"href":"https:\/\/parents.utahahec.org\/es\/wp-json\/wp\/v2\/pages\/95\/revisions\/348"}],"wp:attachment":[{"href":"https:\/\/parents.utahahec.org\/es\/wp-json\/wp\/v2\/media?parent=95"}],"curies":[{"name":"wp","href":"https:\/\/api.w.org\/{rel}","templated":true}]}}