{"id":13,"date":"2020-03-06T11:07:32","date_gmt":"2020-03-06T18:07:32","guid":{"rendered":"https:\/\/parents.utahahec.org\/es\/?page_id=13"},"modified":"2025-03-07T12:37:18","modified_gmt":"2025-03-07T19:37:18","slug":"home","status":"publish","type":"page","link":"https:\/\/parents.utahahec.org\/es\/","title":{"rendered":"BIENVENIDOS"},"content":{"rendered":"\n\n\t<p>Bienvenido a la p\u00e1gina web para padres de nuestro Proyecto IMPULSO<\/p>\n<p>Nuestro proyecto se dedica a apoyar a los padres que tienen hijos que sienten pasi\u00f3n por seguir carreras en campos relacionados con la salud. Nuestra misi\u00f3n es proporcionar recursos valiosos y orientaci\u00f3n a las familias en las zonas urbanas y rurales de Utah, especialmente aquellos que tienen acceso limitado a informaci\u00f3n y recursos. Al empoderar a los padres, nuestro objetivo es inspirar a la pr\u00f3xima generaci\u00f3n de profesionales de la salud, en \u00faltima instancia, el fortalecimiento de la fuerza de trabajo de la salud en todo el estado de Utah.<\/p>\n<p>Entendemos los desaf\u00edos a los que se enfrentan los padres cuando navegan por el complejo mundo de la educaci\u00f3n y las carreras relacionadas a la salud. Por eso ofrecemos una variedad de recursos adaptados a sus necesidades, entre los que se incluyen:<\/p>\n<p><strong>Talleres educativos:<\/strong> Sesiones interactivas que proporcionan informaci\u00f3n sobre diferentes carreras sanitarias, los caminos que los estudiantes deben tomar y las habilidades necesarias para tener \u00e9xito.<\/p>\n<p><strong>Programas de tutor\u00eda:<\/strong> Conectamos a sus hijos con programas que ofrecen orientaci\u00f3n, apoyo en el mundo real.<\/p>\n<p>Disponemos de materiales, incluyendo art\u00edculos, v\u00eddeos y gu\u00edas, para ayudarle a usted y a su hijo a tomar decisiones informadas sobre su futuro. Nuestro objetivo es garantizar que todos los padres, independientemente de su ubicaci\u00f3n en nuestro Estado, dispongan de las herramientas y los conocimientos necesarios para apoyar las aspiraciones de sus hijos en el campo de la asistencia sanitaria. Trabajando juntos, podemos crear un futuro m\u00e1s brillante y saludable para todo Utah. Las estad\u00edsticas destacan la creciente demanda de profesionales sanitarios en Utah, lo que lo convierte en un campo prometedor para los interesados en carreras relacionadas con la salud. Explore nuestros recursos y \u00fanase a nosotros en este apasionante viaje hacia un futuro m\u00e1s saludable para todos.<\/p>\n\t\t\t\t<img decoding=\"async\" loading=\"lazy\" src=\"https:\/\/parents.utahahec.org\/es\/wp-content\/uploads\/2024\/02\/IMPULSE-ROADMAP-3.png\" alt=\"IMPULSE ROADMAP (3)\" itemprop=\"image\" height=\"1080\" width=\"1920\" title=\"IMPULSE ROADMAP (3)\" onerror=\"this.style.display='none'\"  \/>\n\t<p><strong>\u00bfSab\u00eda que los estudiantes obtienen buenos resultados educativos cuando sus padres o tutores participan en su proceso educativo?<\/strong><\/p>\n<p>La solicitud de admisi\u00f3n a la universidad, la b\u00fasqueda de la escuela adecuada, la solicitud de ayuda financiera y la b\u00fasqueda de becas pueden resultar estresantes para los estudiantes. Cuando los padres se involucran en el proceso para que sus hijos cursen estudios universitarios, pueden contar con el sistema de apoyo y la orientaci\u00f3n adecuados. Los padres y tutores pueden guiar a sus hijos por el buen camino y ayudarles a tomar una de sus primeras decisiones adultas mediante empoderamiento.<\/p>\n\t<p>Uno de los esfuerzos de Utah AHEC es ayudar a los padres y tutores con informacion recursos educativos sobre becas universitarias, preparaci\u00f3n para la universidad, planificaci\u00f3n universitaria y ayuda financiera para estar preparados cuando sus hijos est\u00e9n m\u00e1s cerca de graduarse de la escuela secundaria.<\/p>\n<p>La buena noticia es que los estudiantes, padres y tutores no necesitan esperar hasta el \u00faltimo a\u00f1o para comenzar a planificar sus solicitudes universitarias. La mejor recomendaci\u00f3n es comenzar los planes universitarios mucho antes de empezar el \u00faltimo a\u00f1o.<\/p>\n\t\t\t\t<img decoding=\"async\" loading=\"lazy\" src=\"https:\/\/parents.utahahec.org\/es\/wp-content\/uploads\/2023\/09\/IMPULSO-Logo-Spanish.png\" alt=\"IMPULSO Logo Spanish\" itemprop=\"image\" height=\"1080\" width=\"1080\" title=\"IMPULSO Logo Spanish\" onerror=\"this.style.display='none'\"  \/>\n\n","protected":false},"excerpt":{"rendered":"<p>Bienvenido a la p\u00e1gina web para padres de nuestro Proyecto IMPULSO Nuestro proyecto se dedica a apoyar a los padres que tienen hijos que sienten pasi\u00f3n por seguir carreras en campos relacionados con la salud. Nuestra misi\u00f3n es proporcionar recursos valiosos y orientaci\u00f3n a las familias en las zonas urbanas y rurales de Utah, especialmente&hellip;<\/p>\n","protected":false},"author":1,"featured_media":0,"parent":0,"menu_order":0,"comment_status":"closed","ping_status":"closed","template":"","meta":{"footnotes":""},"_links":{"self":[{"href":"https:\/\/parents.utahahec.org\/es\/wp-json\/wp\/v2\/pages\/13"}],"collection":[{"href":"https:\/\/parents.utahahec.org\/es\/wp-json\/wp\/v2\/pages"}],"about":[{"href":"https:\/\/parents.utahahec.org\/es\/wp-json\/wp\/v2\/types\/page"}],"author":[{"embeddable":true,"href":"https:\/\/parents.utahahec.org\/es\/wp-json\/wp\/v2\/users\/1"}],"replies":[{"embeddable":true,"href":"https:\/\/parents.utahahec.org\/es\/wp-json\/wp\/v2\/comments?post=13"}],"version-history":[{"count":61,"href":"https:\/\/parents.utahahec.org\/es\/wp-json\/wp\/v2\/pages\/13\/revisions"}],"predecessor-version":[{"id":356,"href":"https:\/\/parents.utahahec.org\/es\/wp-json\/wp\/v2\/pages\/13\/revisions\/356"}],"wp:attachment":[{"href":"https:\/\/parents.utahahec.org\/es\/wp-json\/wp\/v2\/media?parent=13"}],"curies":[{"name":"wp","href":"https:\/\/api.w.org\/{rel}","templated":true}]}}