{"id":100,"date":"2022-11-18T11:09:32","date_gmt":"2022-11-18T18:09:32","guid":{"rendered":"https:\/\/parents.utahahec.org\/es\/contact-us\/"},"modified":"2025-07-16T13:32:38","modified_gmt":"2025-07-16T19:32:38","slug":"contactenos","status":"publish","type":"page","link":"https:\/\/parents.utahahec.org\/es\/contactenos\/","title":{"rendered":"CONT\u00c1CTENOS"},"content":{"rendered":"\n<h1>\n\t\tCONT\u00c1CTENOS\n\t<\/h1>\n\t<p>Para obtener m\u00e1s informaci\u00f3n sobre un programa en particular o las opciones disponibles para usted, complete y env\u00ede el formulario de contacto.<\/p>\n<strong>Maisa Gomez<\/strong><br \/>\nGerente Administrativa<br \/>\nPrograma AHEC de Utah\n310 Wakara Way, Suite 1100<br \/>\nSalt Lake City, UT 84108\n<p><a href=\"mailto:Maria.Gomez@hsc.utah.edu\">Maria.Gomez@hsc.utah.edu<\/a><\/p>\nTrabajo remoto:\u00a0<a href=\"tel:(443) 683-2817\">(443) 683-2817<\/a><br \/>\nOficina:\u00a0<a href=\"tel: (801) 587-3410\">(801) 587-3410<\/a>\n\t<iframe src=\"https:\/\/www.google.com\/maps\/embed\/v1\/place?q=375+Chipeta+Way%2C+Salt+Lake+City%0A&#038;key=AIzaSyD09zQ9PNDNNy9TadMuzRV_UsPUoWKntt8\" aria-hidden=\"true\"><\/iframe>\n\n","protected":false},"excerpt":{"rendered":"<p>CONT\u00c1CTENOS Para obtener m\u00e1s informaci\u00f3n sobre un programa en particular o las opciones disponibles para usted, complete y env\u00ede el formulario de contacto. Maisa Gomez Gerente Administrativa Programa AHEC de Utah 310 Wakara Way, Suite 1100 Salt Lake City, UT 84108 Maria.Gomez@hsc.utah.edu Trabajo remoto:\u00a0(443) 683-2817 Oficina:\u00a0(801) 587-3410<\/p>\n","protected":false},"author":1,"featured_media":0,"parent":0,"menu_order":6,"comment_status":"closed","ping_status":"closed","template":"","meta":{"footnotes":""},"_links":{"self":[{"href":"https:\/\/parents.utahahec.org\/es\/wp-json\/wp\/v2\/pages\/100"}],"collection":[{"href":"https:\/\/parents.utahahec.org\/es\/wp-json\/wp\/v2\/pages"}],"about":[{"href":"https:\/\/parents.utahahec.org\/es\/wp-json\/wp\/v2\/types\/page"}],"author":[{"embeddable":true,"href":"https:\/\/parents.utahahec.org\/es\/wp-json\/wp\/v2\/users\/1"}],"replies":[{"embeddable":true,"href":"https:\/\/parents.utahahec.org\/es\/wp-json\/wp\/v2\/comments?post=100"}],"version-history":[{"count":14,"href":"https:\/\/parents.utahahec.org\/es\/wp-json\/wp\/v2\/pages\/100\/revisions"}],"predecessor-version":[{"id":379,"href":"https:\/\/parents.utahahec.org\/es\/wp-json\/wp\/v2\/pages\/100\/revisions\/379"}],"wp:attachment":[{"href":"https:\/\/parents.utahahec.org\/es\/wp-json\/wp\/v2\/media?parent=100"}],"curies":[{"name":"wp","href":"https:\/\/api.w.org\/{rel}","templated":true}]}}